{"id":21,"date":"2022-01-24T15:53:26","date_gmt":"2022-01-24T14:53:26","guid":{"rendered":"https:\/\/crowngrading.de\/?page_id=21"},"modified":"2024-12-09T15:21:33","modified_gmt":"2024-12-09T14:21:33","slug":"about","status":"publish","type":"page","link":"https:\/\/crowngrading.de\/en\/about\/","title":{"rendered":"ABOUT"},"content":{"rendered":"<div data-elementor-type=\"wp-page\" data-elementor-id=\"21\" class=\"elementor elementor-21\">\n\t\t\t\t\t\t<section class=\"elementor-section elementor-top-section elementor-element elementor-element-38c6a35 elementor-section-full_width elementor-section-height-default elementor-section-height-default\" data-id=\"38c6a35\" data-element_type=\"section\" data-e-type=\"section\" data-settings=\"{&quot;background_background&quot;:&quot;classic&quot;}\">\n\t\t\t\t\t\t<div class=\"elementor-container elementor-column-gap-default\">\n\t\t\t\t\t<div class=\"elementor-column elementor-col-100 elementor-top-column elementor-element elementor-element-0fa7348\" data-id=\"0fa7348\" data-element_type=\"column\" data-e-type=\"column\">\n\t\t\t<div class=\"elementor-widget-wrap elementor-element-populated\">\n\t\t\t\t\t\t<div class=\"elementor-element elementor-element-a9d7a73 elementor-widget elementor-widget-animated-headline\" data-id=\"a9d7a73\" data-element_type=\"widget\" data-e-type=\"widget\" data-widget_type=\"animated-headline.default\">\n\t\t\t\t<div class=\"elementor-widget-container\">\n\t\t\t\t\t \t\t\t\t<\/div>\n\t\t\t\t<\/div>\n\t\t\t\t<div class=\"elementor-element elementor-element-0573371 elementor-widget elementor-widget-text-editor\" data-id=\"0573371\" data-element_type=\"widget\" data-e-type=\"widget\" data-widget_type=\"text-editor.default\">\n\t\t\t\t<div class=\"elementor-widget-container\">\n\t\t\t\t\t\t\t\t\t<p>We are a passionate team of thirty-somethings who, after more than 25 years of collecting experience, have turned our passion into a profession. Our journey began in the 90s with Pok\u00e9mon and NBA trading cards, and this passion has continued to this day.<\/p><p>In a development phase lasting more than six months, we built our grading service from scratch. We not only carefully developed the idea and concept, but also procured the necessary materials and machines, optimized internal processes and founded our company in accordance with the strict requirements of German law.<\/p><p>An essential part of our approach is our self-developed evaluation and criteria catalogue, which is based on years of experience and valuable customer feedback. This is supplemented by a powerful database for recording evaluations and a precise interface for smooth integration into our label software. We rely on the highest industry standards, from high-quality standard cases to modern ultrasonic welding technology, to ensure the best possible protection for our customers&#039; cards.<\/p><p>Our focus is on our customers&#039; cards. That&#039;s why we deliberately only present the essential information on our labels to draw attention to what&#039;s important - your card. Our goal is to establish ourselves as the leading grading company in Germany and Europe and to achieve almost complete satisfaction based on customer feedback.<\/p>\t\t\t\t\t\t\t\t<\/div>\n\t\t\t\t<\/div>\n\t\t\t\t\t<\/div>\n\t\t<\/div>\n\t\t\t\t\t<\/div>\n\t\t<\/section>\n\t\t\t\t<\/div>","protected":false},"excerpt":{"rendered":"<p>Wir sind ein leidenschaftliches Team von Mittdrei\u00dfigern, das nach \u00fcber 25 Jahren Sammlererfahrung seine Begeisterung zum Beruf gemacht hat. Unsere Reise begann in den 90ern mit Pok\u00e9mon- und NBA-Sammelkarten, und diese Leidenschaft begleitet uns bis heute. In einer mehr als sechsmonatigen Entwicklungsphase haben wir unseren Grading-Dienst von Grund auf aufgebaut. Dabei haben wir nicht nur [&hellip;]<\/p>\n","protected":false},"author":2,"featured_media":0,"parent":0,"menu_order":0,"comment_status":"closed","ping_status":"closed","template":"elementor_header_footer","meta":{"_acf_changed":false,"_monsterinsights_skip_tracking":false,"_monsterinsights_sitenote_active":false,"_monsterinsights_sitenote_note":"","_monsterinsights_sitenote_category":0,"site-sidebar-layout":"no-sidebar","site-content-layout":"page-builder","ast-site-content-layout":"default","site-content-style":"default","site-sidebar-style":"default","ast-global-header-display":"","ast-banner-title-visibility":"","ast-main-header-display":"","ast-hfb-above-header-display":"","ast-hfb-below-header-display":"","ast-hfb-mobile-header-display":"","site-post-title":"disabled","ast-breadcrumbs-content":"","ast-featured-img":"disabled","footer-sml-layout":"","ast-disable-related-posts":"","theme-transparent-header-meta":"","adv-header-id-meta":"","stick-header-meta":"","header-above-stick-meta":"","header-main-stick-meta":"","header-below-stick-meta":"","astra-migrate-meta-layouts":"default","ast-page-background-enabled":"default","ast-page-background-meta":{"desktop":{"background-color":"var(--ast-global-color-4)","background-image":"","background-repeat":"repeat","background-position":"center center","background-size":"auto","background-attachment":"scroll","background-type":"","background-media":"","overlay-type":"","overlay-color":"","overlay-opacity":"","overlay-gradient":""},"tablet":{"background-color":"","background-image":"","background-repeat":"repeat","background-position":"center center","background-size":"auto","background-attachment":"scroll","background-type":"","background-media":"","overlay-type":"","overlay-color":"","overlay-opacity":"","overlay-gradient":""},"mobile":{"background-color":"","background-image":"","background-repeat":"repeat","background-position":"center center","background-size":"auto","background-attachment":"scroll","background-type":"","background-media":"","overlay-type":"","overlay-color":"","overlay-opacity":"","overlay-gradient":""}},"ast-content-background-meta":{"desktop":{"background-color":"var(--ast-global-color-5)","background-image":"","background-repeat":"repeat","background-position":"center center","background-size":"auto","background-attachment":"scroll","background-type":"","background-media":"","overlay-type":"","overlay-color":"","overlay-opacity":"","overlay-gradient":""},"tablet":{"background-color":"var(--ast-global-color-5)","background-image":"","background-repeat":"repeat","background-position":"center center","background-size":"auto","background-attachment":"scroll","background-type":"","background-media":"","overlay-type":"","overlay-color":"","overlay-opacity":"","overlay-gradient":""},"mobile":{"background-color":"var(--ast-global-color-5)","background-image":"","background-repeat":"repeat","background-position":"center center","background-size":"auto","background-attachment":"scroll","background-type":"","background-media":"","overlay-type":"","overlay-color":"","overlay-opacity":"","overlay-gradient":""}},"footnotes":""},"class_list":["post-21","page","type-page","status-publish","hentry"],"acf":[],"aioseo_notices":[],"jetpack_sharing_enabled":true,"_links":{"self":[{"href":"https:\/\/crowngrading.de\/en\/wp-json\/wp\/v2\/pages\/21","targetHints":{"allow":["GET"]}}],"collection":[{"href":"https:\/\/crowngrading.de\/en\/wp-json\/wp\/v2\/pages"}],"about":[{"href":"https:\/\/crowngrading.de\/en\/wp-json\/wp\/v2\/types\/page"}],"author":[{"embeddable":true,"href":"https:\/\/crowngrading.de\/en\/wp-json\/wp\/v2\/users\/2"}],"replies":[{"embeddable":true,"href":"https:\/\/crowngrading.de\/en\/wp-json\/wp\/v2\/comments?post=21"}],"version-history":[{"count":64,"href":"https:\/\/crowngrading.de\/en\/wp-json\/wp\/v2\/pages\/21\/revisions"}],"predecessor-version":[{"id":7076,"href":"https:\/\/crowngrading.de\/en\/wp-json\/wp\/v2\/pages\/21\/revisions\/7076"}],"wp:attachment":[{"href":"https:\/\/crowngrading.de\/en\/wp-json\/wp\/v2\/media?parent=21"}],"curies":[{"name":"wp","href":"https:\/\/api.w.org\/{rel}","templated":true}]}}